{"id":1554,"date":"2022-01-23T12:06:20","date_gmt":"2022-01-23T12:06:20","guid":{"rendered":"https:\/\/akademperiodyka.org.ua\/en\/?page_id=1554"},"modified":"2022-01-23T12:08:56","modified_gmt":"2022-01-23T12:08:56","slug":"mechanochemical-and-sonochemical-syntheses-of-new-nanocomposites","status":"publish","type":"page","link":"https:\/\/akademperiodyka.org.ua\/en\/books\/pavl\/6\/","title":{"rendered":"Mechanochemical and sonochemical syntheses of new nanocomposites"},"content":{"rendered":"<div>Valery O. Zazhigalov<\/div>\n<div><em>Institute for Sorption and Problems of Endoecology of the National Academy of Sciences of Ukraine, Kyiv, Ukraine<\/em><\/div>\n<div>ORCID:\u00a0<a href=\"https:\/\/orcid.org\/\">https:\/\/orcid.org\/<\/a><a href=\"https:\/\/orcid.org\/0000-0003-2169-3443\">0000-0003-2169-3443<\/a><\/div>\n<div>\n<hr \/>\n<\/div>\n<div><\/div>\n<div>Olena V. Sachuk<\/div>\n<div><em>Institute for Sorption and Problems of Endoecology of the National Academy of Sciences of Ukraine, Kyiv, Ukraine<\/em><\/div>\n<div>ORCID:\u00a0<a href=\"https:\/\/orcid.org\/\">https:\/\/orcid.org\/<\/a><a href=\"https:\/\/orcid.org\/0000-0001-6834-1061?lang=en\" target=\"_blank\" rel=\"noopener\">0000-0001-6834-1061<\/a><\/div>\n<div>\n<hr \/>\n<\/div>\n<div><\/div>\n<div>Olena A. Diyuk<\/div>\n<div><em>Institute for Sorption and Problems of Endoecology of the National Academy of Sciences of Ukraine, Kyiv, Ukraine<\/em><\/div>\n<div>ORCID:\u00a0<a href=\"https:\/\/orcid.org\/0000-0002-3342-3857\">https:\/\/orcid.org\/0000-0002-3342-3857<\/a><\/div>\n<div>\n<hr \/>\n<\/div>\n<div><\/div>\n<div>Iryna V. Bacherikova<\/div>\n<div><em>Institute for Sorption and Problems of Endoecology of the National Academy of Sciences of Ukraine, Kyiv, Ukraine<\/em><\/div>\n<div>ORCID:\u00a0<a href=\"https:\/\/orcid.org\/\">https:\/\/orcid.org\/<\/a><a href=\"https:\/\/orcid.org\/0000-0002-1436-5110\">0000-0002-1436-5110<\/a><\/div>\n<div><\/div>\n<div>\n<hr \/>\n<\/div>\n<p>&nbsp;<\/p>\n<div>Pagination: 79-92<\/div>\n<p>DOI: <a href=\"https:\/\/doi.org\/10.15407\/akademperiodyka.444.079\">https:\/\/doi.org\/10.15407\/akademperiodyka.444.079<\/a><\/p>\n<p>&nbsp;<\/p>\n<hr \/>\n<p>&nbsp;<\/p>\n<p>For the first time the possibility of the complex nanodispersed compound formation at mechanochemical and sonochemical treatment of the initial compounds mixture was shown. \u00a0Mechochemical treatment of the mixture of molybdenum oxide and bismuth nitrate permits to obtain of bismuth molybdate in form of nanoparticles, in the same time the treatment of mixture of titanium oxide and calcium hydroxide leads to formation of calcium titanate in form of nanoprisms. \u00a0It was shown that mechanochemical treatment of the mixture of titanium oxide and tin oxide leads to formation of titanium oxide amorphous layer on tin oxide surface. The mechanism of nanodispersed zinc molybdate formation at sonochemical treatment of initial oxides was established. It was shown that nanocomposites synthesized by these methods demonstrate the higher catalytic activity in organic compounds neutralization processes in water solutions at visible light irradiation and in the process of bioethanol\u00a0 selective oxidation to acetaldehyde and hydrogen in comparison with known analogous catalysts synthesized by traditional methods.<\/p>\n<p>&nbsp;<\/p>\n<hr \/>\n<p>&nbsp;<\/p>\n<p><strong><a href=\"http:\/\/akademperiodyka.org.ua\/sites\/default\/files\/2021\/Pavl\/6.pdf\" target=\"_blank\" rel=\"noopener\">Download (PDF)<\/a><\/strong><\/p>\n<p>&nbsp;<\/p>\n<hr \/>\n<p>&nbsp;<\/p>\n<p align=\"center\">REFERENCES<\/p>\n<p>&nbsp;<\/p>\n<ol>\n<li>Zazhigalov V.A., Wieczorek-Ciurowa K. Mechanochemicna aktywacja katalizatorow wanadowych. Krakow, 2014.<\/li>\n<li>Balasz P. <em>Mechanochemistry in nanoscience and materials engineering<\/em>. Berlin, 2008. DOI:\u00a0<a href=\"https:\/\/doi.org\/10.1007\/978-3-540-74855-7\">https:\/\/doi.org\/10.1007\/978-3-540-74855-7<\/a><\/li>\n<li>Avvakumov E.G., Senna M., Kosova N.V. <em>Soft mechanochemi<\/em><em>\u0441<\/em><em>al sy<\/em><em>n<\/em><em>thesis: A basis for new chemical technologies<\/em>. Dordrecht, 2001. DOI:\u00a0<a href=\"https:\/\/doi.org\/10.1007\/b114163\">https:\/\/doi.org\/10.1007\/b114163<\/a><\/li>\n<li>Santos-Beltr\u00e1n M., Paraguay-Delgado F, Santos-Beltr\u00e1n A., Fuentes L. Getting nanometric MoO<sub>3<\/sub> through chemical synthesis and high energy milling. <em>J. Alloys Compounds<\/em>.\u00a0 2015. <strong>648<\/strong>: 445\u2013455. DOI:\u00a0<a title=\"Persistent link using digital object identifier\" href=\"https:\/\/doi.org\/10.1016\/j.jallcom.2015.06.176\" target=\"_blank\" rel=\"noopener\">https:\/\/doi.org\/10.1016\/j.jallcom.2015.06.176<\/a><\/li>\n<li>Jeevanandam P., Diamant Y., Motiei M., Gedanken A. The effect of ultrasound irradiation on polycrystalline MoO<sub>3<\/sub>. <em>Phys. Chem. Chem. Phys<\/em>. 2001. <strong>3<\/strong>: 4107\u20134112. DOI:\u00a0<a href=\"https:\/\/doi.org\/10.1039\/B100173F\">https:\/\/doi.org\/10.1039\/B100173F<\/a><\/li>\n<li>Khaikina E.G. <em>Environmentally friendly and resource-saving technologies and materials (Ekologobezopasnyye i resursosberegayushchiye tekhnologii i materialy<\/em>). Ulan-Ude, 2014.<\/li>\n<li>Wieczorek-Ciurowa K., Litvin N., Zazhigalov V. Osobliwo\u015bci mechanochemicznej aktywacji MoO<sub>3<\/sub> w odniesieniu do katalitycznego procesu przetwarzania bioetanolu. <em>Przemys\u0142 Chemiczny<\/em> <em>(Chemical Industry)<\/em>. 2011. (7): 1404\u20131411. (in Polish).<\/li>\n<li>Sivak M.V., Streletskii A.N., Kolbanev I.V. et al.\u00a0Defect structure of nanosized mechanically activated MoO<sub>3<\/sub>. <em>Colloid<\/em><em>.<\/em><em> J<\/em>. 2015. <strong>77<\/strong>(3): 333\u2013340. DOI:\u00a0<a href=\"https:\/\/doi.org\/10.1134\/S1061933X15030163\">https:\/\/doi.org\/10.1134\/S1061933X15030163<\/a><\/li>\n<li>Khalyavka T.A., Tsyba N.N., Kamyshan S.V., Kapinus E.I. Photocatalytic activity and sorption properties of calcium-modified titanium dioxide. <em>Russian J<\/em><em>. <\/em><em>Phys<\/em><em>. <\/em><em>Chem<\/em><em>. <\/em><em>A<\/em><em>.<\/em> 2015. <strong>89<\/strong>(1): 148\u2013151. DOI:\u00a0<a href=\"https:\/\/doi.org\/10.1134\/S0036024415010124\">https:\/\/doi.org\/10.1134\/S0036024415010124<\/a><\/li>\n<li>Taglieri G., Daniele V., Macera L., Mondelli C. Nano Ca(OH)<sub>2 <\/sub>synthesis using a cost-effective and innovative method: reactivity study. <em>J. Am. Ceram. Soc.<\/em> 2017. <strong>100<\/strong>(12): 5766\u20135778. DOI:\u00a0<a href=\"https:\/\/doi.org\/10.1111\/jace.15112\">https:\/\/doi.org\/10.1111\/jace.15112<\/a><\/li>\n<li>Cavallaro G., Danilushkina A.A., Evtugyn V.G., Lazzara G., Milioto S., Parisi F., Rozhina E.V., Fakhrullin R.F. Halloysite nanotubes: controlled access and release by smart gates. <em>Nanomaterials<\/em>. 2017. <strong>7<\/strong>(8): 199\u2013210. DOI: <a href=\"https:\/\/doi.org\/10.3390\/nano7080199\">https:\/\/doi.org\/10.3390\/nano7080199<\/a><\/li>\n<li>Nuno M., Pesce G.L., Bowen C.R., Xenophontos P., Ball R.J. Environmental performance of nano-structured Ca(OH)<sub>2<\/sub>\/TiO<sub>2<\/sub> photocatalytic coatings for buildings.<em> Building and Environment<\/em>. 2015. <strong>92<\/strong>: 734\u2013742. DOI:\u00a0<a title=\"Persistent link using digital object identifier\" href=\"https:\/\/doi.org\/10.1016\/j.buildenv.2015.05.028\" target=\"_blank\" rel=\"noopener\">https:\/\/doi.org\/10.1016\/j.buildenv.2015.05.028<\/a><\/li>\n<li>Suzaki Y., Ueda M., Ikeda M., Doi K., Terauchi S. Hydrothermal synthesis of bioactive titanium oxide-CaCO<sub>3<\/sub> films with aqueous Ca(OH)<sub>2<\/sub>\/KHCO<sub>3<\/sub> on pure Ti. <em>Resources Processing<\/em>. 2012. <strong>59<\/strong>(1): 22\u201326. DOI:\u00a0<a href=\"https:\/\/doi.org\/10.4144\/rpsj.59.22\">https:\/\/doi.org\/10.4144\/rpsj.59.22<\/a><\/li>\n<li>Guerrero L.C., Garza-Cervantes J., Caballero-Hern\u00e1ndez D., Gonz\u00e1lez-L\u00f3pez R., Sep\u00falveda-Guzm\u00e1n S., Cant\u00fa-C\u00e1rdenas E. Synthesis and characterization of calcium hydroxide obtained from agave bagasse and investigation of its antibacterial activity. <em>Rev. Int. Contam. Ambie<\/em>. 2017. <strong>33<\/strong>(2): 347\u2013353. DOI:\u00a0<a href=\"https:\/\/doi.org\/10.20937\/RICA.2017.33.02.15\">https:\/\/doi.org\/10.20937\/RICA.2017.33.02.15<\/a><\/li>\n<li>Deshpande N.G., Gudage Y.G., Sharma R., Vyas J.C., Kim J. B., Lee Y.P. Studies on tin oxide-intercalated polyaniline nanocomposite for ammonia gas sensing applications. <em>Sensors and Actuators B<\/em><em>.<\/em> 2009. <strong>138<\/strong>(1): 76\u201384.DOI:\u00a0<a title=\"Persistent link using digital object identifier\" href=\"https:\/\/doi.org\/10.1016\/j.snb.2009.02.012\" target=\"_blank\" rel=\"noopener\">https:\/\/doi.org\/10.1016\/j.snb.2009.02.012<\/a><\/li>\n<li>Pawar S.G., Patil S.L., Chougule M.A., Raut B.T., Pawar S.A., Patil V.B., Fabrication of polyaniline\/TiO<sub>2<\/sub> nanocomposite ammonia vapor sensor. <em>Sensors &#038; Transducers Journal. <\/em>2011. <strong>125<\/strong>(2): 107\u2013114.<\/li>\n<li>Huyen D.N., Tung N.T., Thien N D., Thanh L.H. Effect of TiO<sub>2<\/sub> on the gas sensing features of TiO<sub>2<\/sub>\/PANi nanocomposites. <em>Sensors. <\/em>2011. <strong>11<\/strong>(2):\u00a01924\u20131931.DOI:\u00a0 <a href=\"https:\/\/doi.org\/10.3390\/s110201924\">https:\/\/doi.org\/10.3390\/s110201924<\/a><\/li>\n<li>Sachuk O., Kopachevska N., Kuznetsova L., Zazhigalov V., Starchevskyy V. Influence of ultrasonic treatment on the properties of ZnO-MoO<sub>3<\/sub> oxide system. <em>Chem. Chem. Techn<\/em>. 2017. <strong>11<\/strong>(2): 152\u2013157. DOI:\u00a0<a href=\"https:\/\/doi.org\/10.23939\/chcht11.02.152\">https:\/\/doi.org\/10.23939\/chcht11.02.152<\/a><\/li>\n<li>Zazhigalov, V.A., Sachuk, O.V., Kopachevska, N.S. et al. Effect of Ultrasonic Treatment on Formation of Nanodimensional Structures in ZnO\u2013MoO<sub>3<\/sub> System. <em>Theor. Exp. Chem<\/em>. 2017. <strong>53<\/strong>(1): 53\u201359. DOI:\u00a0<a href=\"https:\/\/doi.org\/10.1007\/s11237-017-9501-2\">https:\/\/doi.org\/10.1007\/s11237-017-9501-2<\/a><\/li>\n<li>Patent of Ukraine No. 117264. Sachuk O.V., Starchevskyy V.L., Zazhigalov, V.A.\u00a0 Sonochemical method of obtaining nanoscale phase \u03b1-ZnMoO<sub>4<\/sub>. Published on 26.06.2017.<\/li>\n<li>Petrova E.V., Dresvyannikov A.F., Tsyganova M.A., Grevtsev V.A., Gubaidullina A.M., Ilyicheva O.M. Nanosized particles of zinc hydroxides and oxides obtained by various methods. Vestnik Kazanskogo Tekhnologicheskogo Universiteta. 2009. (4): 26\u201334 ((in Russian).<\/li>\n<\/ol>\n","protected":false},"excerpt":{"rendered":"<p>Valery O. Zazhigalov Institute for Sorption and Problems of Endoecology of the National Academy of Sciences of Ukraine, Kyiv, Ukraine ORCID:\u00a0https:\/\/orcid.org\/0000-0003-2169-3443 Olena V. Sachuk Institute for Sorption and Problems of Endoecology of the National Academy of Sciences of Ukraine, Kyiv, Ukraine ORCID:\u00a0https:\/\/orcid.org\/0000-0001-6834-1061 Olena A. Diyuk Institute for Sorption and Problems of Endoecology of the National [&hellip;]<\/p>\n","protected":false},"author":1,"featured_media":0,"parent":0,"menu_order":48,"comment_status":"closed","ping_status":"closed","template":"","meta":{"footnotes":""},"class_list":["post-1554","page","type-page","status-publish","hentry"],"_links":{"self":[{"href":"https:\/\/akademperiodyka.org.ua\/en\/wp-json\/wp\/v2\/pages\/1554","targetHints":{"allow":["GET"]}}],"collection":[{"href":"https:\/\/akademperiodyka.org.ua\/en\/wp-json\/wp\/v2\/pages"}],"about":[{"href":"https:\/\/akademperiodyka.org.ua\/en\/wp-json\/wp\/v2\/types\/page"}],"author":[{"embeddable":true,"href":"https:\/\/akademperiodyka.org.ua\/en\/wp-json\/wp\/v2\/users\/1"}],"replies":[{"embeddable":true,"href":"https:\/\/akademperiodyka.org.ua\/en\/wp-json\/wp\/v2\/comments?post=1554"}],"version-history":[{"count":3,"href":"https:\/\/akademperiodyka.org.ua\/en\/wp-json\/wp\/v2\/pages\/1554\/revisions"}],"predecessor-version":[{"id":1557,"href":"https:\/\/akademperiodyka.org.ua\/en\/wp-json\/wp\/v2\/pages\/1554\/revisions\/1557"}],"wp:attachment":[{"href":"https:\/\/akademperiodyka.org.ua\/en\/wp-json\/wp\/v2\/media?parent=1554"}],"curies":[{"name":"wp","href":"https:\/\/api.w.org\/{rel}","templated":true}]}}