{"id":1593,"date":"2022-01-23T14:48:14","date_gmt":"2022-01-23T14:48:14","guid":{"rendered":"https:\/\/akademperiodyka.org.ua\/en\/?page_id=1593"},"modified":"2022-01-23T14:50:22","modified_gmt":"2022-01-23T14:50:22","slug":"influence-of-dopant-on-the-specific-features-of-formation-and-properties-of-nanocomposites-of-poly3-methylthiophene-with-polyvinylidene-fluoride","status":"publish","type":"page","link":"https:\/\/akademperiodyka.org.ua\/en\/books\/pavl\/12\/","title":{"rendered":"Influence of dopant on the specific features of formation and properties of nanocomposites of poly(3-methylthiophene) with polyvinylidene fluoride"},"content":{"rendered":"<div id=\"page\" class=\"clearfix\">\n<div id=\"main-content\">\n<div class=\"container\">\n<div class=\"row\">\n<section class=\"col-md-12\">\n<div id=\"main\" class=\"clearfix\">\n<div id=\"content-wrapper\">\n<article id=\"node-1174\" class=\"node node-page clearfix\">\n<div class=\"content\">\n<div class=\"field field-name-body field-type-text-with-summary field-label-hidden\">\n<div class=\"field-items\">\n<div class=\"field-item even\">\n<div>Alexander A. Pud<\/div>\n<div><em>V.P. Kukhar Institute of Bioorganic Chemistry and Petrochemistry <\/em><em>of the National Academy of Sciences of Ukraine, Kyiv, Ukraine <\/em><\/div>\n<div>ORCID: <a href=\"https:\/\/orcid.org\/0000-0002-0681-633X\">https:\/\/orcid.org\/0000-0002-0681-633X<\/a><\/div>\n<div>\n<hr \/>\n<\/div>\n<div><\/div>\n<div>Nikolay A. Ogurtsov<\/div>\n<div><em>V.P. Kukhar Institute of Bioorganic Chemistry and Petrochemistry of the National Academy of Sciences of Ukraine, Kyiv, Ukraine<\/em><\/div>\n<div>ORCID: <a href=\"https:\/\/orcid.org\/0000-0002-5193-2276\">https:\/\/orcid.org\/0000-0002-5193-2276<\/a><\/div>\n<div>\n<hr \/>\n<\/div>\n<div><\/div>\n<div>Olga S. Kruglyak<\/div>\n<div><em>V P. Kukhar Institute of Bioorganic Chemistry and Petrochemistry of the National Academy of Sciences of Ukraine, Kyiv, Ukraine<\/em><\/div>\n<div>\n<hr \/>\n<\/div>\n<div><\/div>\n<div>Pagination: 159-174<\/div>\n<div><\/div>\n<div>DOI: <a href=\"https:\/\/doi.org\/10.15407\/akademperiodyka.444.159\">https:\/\/doi.org\/10.15407\/akademperiodyka.444.159<\/a><\/div>\n<\/div>\n<\/div>\n<\/div>\n<\/div>\n<\/article>\n<\/div>\n<\/div>\n<\/section>\n<\/div>\n<\/div>\n<\/div>\n<\/div>\n<div><\/div>\n<div>\n<hr \/>\n<\/div>\n<div id=\"page\" class=\"clearfix\">\n<div id=\"main-content\">\n<div class=\"container\">\n<div class=\"row\">\n<section class=\"col-md-12\">\n<div id=\"main\" class=\"clearfix\">\n<div id=\"content-wrapper\">\n<article id=\"node-1174\" class=\"node node-page clearfix\">\n<div class=\"content\">\n<div class=\"field field-name-body field-type-text-with-summary field-label-hidden\">\n<div class=\"field-items\">\n<div class=\"field-item even\">\n<div class=\"rtejustify\"><\/div>\n<div class=\"rtejustify\">The work is devoted to the development and study of conducting nanocomposites of poly(3-methylthiophene) (P3MT) and poly(vinylidene fluoride) (PVDF), suitable for changing properties when interaction with of the environment components, and to find factors of influence on properties of such materials. The kinetic aspects of P3MT formation in the process of 3-methylthiophene (3MT) polymerization in PVDF dispersions in the presence of dopants of different nature, in particular, chloride (Cl<sup>&#8211;<\/sup>), as well as surface-active dodecylbenzenesulfonate (DBS<sup>&#8211;<\/sup>) and perfluorooctanoate (PFO<sup>&#8211;<\/sup>) anions are studied. It is found that DBS<sup>&#8211;<\/sup> and PFO<sup>&#8211;<\/sup> anions inhibit 3MT oxidation and decrease P3MT yield in comparison with those of chloride anions. It is shown that P3MT is formed through two consecutive kinetically different reactions of pseudo-first order in terms of the oxidant concentration. Transmission electron microscopy revealed that as a result of such polymerization nanoparticles of doped P3MT formed a surface inhomogeneous layer on PVDF particles, thus forming nanocomposite particles with core-shell morphology. Thermal studies showed higher thermal stability of the doped P3MT phase in the nanocomposite compared to the pure polymer. It is found that thermal stability of the P3MT phase in the PVDF\/P3MT-DBS nanocomposites is higher than in the PVDF\/P3MT-Cl.<\/div>\n<div class=\"rtejustify\">The influence of the dopant nature and content of doped P3MT on conductivity and sensitivity of the nanocomposites to vapors of harmful volatile organic compounds (acetone and isopropanol) is characterized. The strongest responses to acetone are shown by the nanocomposite with PFO<sup>&#8211;<\/sup> dopant. In the DBS<sup>&#8211;<\/sup> dopant case medium intensity responses are found and the lowest ones are observed for Cl<sup>&#8211;<\/sup> dopant. It is shown that the sensitivity of nanocomposites extremely depends on the conducting polymer content.<\/div>\n<div><\/div>\n<hr \/>\n<p><strong><a href=\"http:\/\/akademperiodyka.org.ua\/sites\/default\/files\/2021\/Pavl\/12.pdf\" target=\"_blank\" rel=\"noopener\">Download (PDF)<\/a><\/strong><\/p>\n<\/div>\n<hr \/>\n<div class=\"field-item even\">\n<p align=\"center\">\n<p align=\"center\">REFERENCES<\/p>\n<ol>\n<li>Kaloni T.P., Giesbrecht P.K., Schreckenbach G., Freund M.S. Polythiophene: from fundamental perspectives to applications. <em>Chem. Mater<\/em>. 2017. <strong>29<\/strong>(24): 10248\u201310283. DOI:\u00a0<a title=\"DOI URL\" href=\"https:\/\/doi.org\/10.1021\/acs.chemmater.7b03035\">https:\/\/doi.org\/10.1021\/acs.chemmater.7b03035<\/a><\/li>\n<li>Pathiranage T.M.S.K., Dissanayake D.S., Niermann C.N., Ren Y., Biewer M.C., Stefan\u00a0M.C. Role of Polythiophenes as Electroactive Materials. <em>J. Polym. Sci., A.<\/em> 2017. <strong>55<\/strong>(20): 3327\u20133346. DOI:\u00a0<a href=\"https:\/\/doi.org\/10.1002\/pola.28726\">https:\/\/doi.org\/10.1002\/pola.28726<\/a><\/li>\n<li>Huynh T.-P., Sharma P.S., Sosnowska M., D\u2019Souza F., Kutnera W. Functionalized polythiophenes: Recognition materials for chemosensors and biosensors of superior sensitivity,selectivity, and detectability. <em>Prog. Polym. Sci<\/em>. 2015. <strong>47<\/strong>: 1\u201325. DOI:\u00a0<a title=\"Persistent link using digital object identifier\" href=\"https:\/\/doi.org\/10.1016\/j.progpolymsci.2015.04.009\" target=\"_blank\" rel=\"noopener\">https:\/\/doi.org\/10.1016\/j.progpolymsci.2015.04.009<\/a><\/li>\n<li>Erdogan M.K., Karakisla M., Sacak M. Preparation, Characterization and Electromagnetic Shielding Effectiveness of Conductive Polythiophene\/Poly(ethylene terephthalate) Composite Fibers. <em>J.\u00a0Macromol. Sci., A<\/em>. 2012. <strong>49<\/strong>(6): 473\u2013482. DOI:\u00a0<a href=\"https:\/\/doi.org\/10.1080\/10601325.2012.676896\">https:\/\/doi.org\/10.1080\/10601325.2012.676896<\/a><\/li>\n<li>Bjerring M., Nielsen J.S., Nielsen N.C., Krebs F.C. Polythiophene by Solution Processing. <em>Macromolecules<\/em>. 2007. <strong>40<\/strong>(16): 6012\u20136013. DOI:\u00a0<a title=\"DOI URL\" href=\"https:\/\/doi.org\/10.1021\/ma071200z\">https:\/\/doi.org\/10.1021\/ma071200z<\/a><\/li>\n<li>Schopf G., Kossmehl G. <em>Polythiophenes<\/em><em> \u2014 <\/em><em>Electrically Conductive Polymers<\/em>. Springer-Verlag, Berlin, 1997. DOI:\u00a0<a href=\"https:\/\/doi.org\/10.1007\/BFb0111619\">https:\/\/doi.org\/10.1007\/BFb0111619<\/a><\/li>\n<li>Yassar J. Roncali A., Garnier F. Conductivity and conjugation length in poly(3-methylthiophene) thin films. <em>Macromolecules<\/em>. 1989. <strong>22<\/strong>(2): 804\u2013809. DOI:\u00a0<a title=\"DOI URL\" href=\"https:\/\/doi.org\/10.1021\/ma00192a049\">https:\/\/doi.org\/10.1021\/ma00192a049<\/a><\/li>\n<li>Bhardwaja P., Grace A.N. Antistatic and microwave shielding performance of polythiophene-graphene grafted 3-dimensional carbon fibre composite. <em>Diam. Relat. Mater<\/em>. 2020. <strong>106<\/strong>: 107871. DOI:\u00a0<a title=\"Persistent link using digital object identifier\" href=\"https:\/\/doi.org\/10.1016\/j.diamond.2020.107871\" target=\"_blank\" rel=\"noopener\">https:\/\/doi.org\/10.1016\/j.diamond.2020.107871<\/a><\/li>\n<li>Ogurtsov N.A., Bliznyuk V.N., Mamykin A.V., Kukla O.L., Piryatinski Yu.P., Pud\u00a0A.A. Poly(vinylidene fluoride)\/poly(3-methylthiophene) core\u2013shell nanocomposites with improved structural and electronic properties of the conducting polymer component. <em>Phys. Chem. Chem. Phys<\/em>. 2018. <strong>20<\/strong>(9): 6450\u20136461. DOI:\u00a0<a href=\"https:\/\/doi.org\/10.1039\/C7CP07604E\">https:\/\/doi.org\/10.1039\/C7CP07604E<\/a><\/li>\n<li>Ag\u00fc\u00ed L., Pe\u00f1a-Farfal C., Y\u00e1\u00f1ez-Sede\u00f1o P., Pingarr\u00f3n J.M. Poly(3-methylthiophene)\/carbon nanotubes hybrid composite-modified electrodes. <em>Electrochim. Acta<\/em>. 2007. <strong>52<\/strong>(28): 7946\u20137952. DOI:\u00a0<a href=\"https:\/\/doi.org\/10.1016\/j.electacta.2007.06.051\">https:\/\/doi.org\/10.1016\/j.electacta.2007.06.051<\/a><\/li>\n<li>Zhao J., Jian Y., Xie Y., Le Z., Hong X., Ci S., Chen J., Qing X., Xie W. Wen Z. Lanthanum and Neodymium Doped Barium Ferrite-TiO2\/MCNTs\/poly(3-methylthiophene) Composites with Nest Structures: Preparation, Characterization and Electromagnetic Microwave Absorption Properties. <em>Scientific Reports<\/em>. 2016. <strong>6<\/strong>: 20496. DOI:\u00a0<a href=\"https:\/\/doi.org\/10.1038\/srep20496\">https:\/\/doi.org\/10.1038\/srep20496<\/a><\/li>\n<li>Sivaraman P., Thakur A.P., Shashidhara K. Poly(3-methylthiophene)-graphene nanocomposites for asymmetric supercapacitors. <em>Synth. Met<\/em>. 2020. <strong>259<\/strong>: 116255. DOI:\u00a0<a title=\"Persistent link using digital object identifier\" href=\"https:\/\/doi.org\/10.1016\/j.synthmet.2019.116255\" target=\"_blank\" rel=\"noopener\">https:\/\/doi.org\/10.1016\/j.synthmet.2019.116255<\/a><\/li>\n<li>Pud A.A., Ogurtsov N.A., Noskov Y.V., Mikhaylov S.D., Piryatinski Y.P., Bliznyuk V.N. On the importance of interface interactions in core-shell nanocomposites of intrinsically conducting polymers. <em>Semicond. Phys. Quantum Electron. Optoelectron<\/em>. 2019. Vol. 22. P. 470\u2013478. DOI:\u00a0<a href=\"https:\/\/doi.org\/10.15407\/spqeo22.04.470\">https:\/\/doi.org\/10.15407\/spqeo22.04.470<\/a><\/li>\n<li>Pud A.A., Noskov Yu.V., Kassiba A., Fatyeyeva K.Yu., Ogurtsov N.A., Makowska-Janusik M., Bednarski W., Tabellout M., Shapoval G.S. New Aspects of the Low-Concentrated Aniline Polymerization in the Solution and in SiC Nanocrystals Dispersion. <em>J. Phys. Chem. <\/em><em>\u0421<\/em>. 2007. <strong>111<\/strong>(9): 2174\u20132180. DOI:\u00a0<a title=\"DOI URL\" href=\"https:\/\/doi.org\/10.1021\/jp0656025\">https:\/\/doi.org\/10.1021\/jp0656025<\/a><\/li>\n<li>Pavluchenko A.S., Mamykin A.V., Kukla A.L., Konoshchuk N.V., Posudievsky, O.Y., Koshechko V.G. Estimation of multicomponent organic solvent vapor mixture composition with electroconducting polymer chemiresistors. <em>Sens. Actuat. B<\/em>. 2016. <strong>232<\/strong>: 203\u2013218. DOI:\u00a0<a title=\"Persistent link using digital object identifier\" href=\"https:\/\/doi.org\/10.1016\/j.snb.2016.03.111\" target=\"_blank\" rel=\"noopener\">https:\/\/doi.org\/10.1016\/j.snb.2016.03.111<\/a><\/li>\n<li>Roncali J. Conjugated Poly(thiophenes): Synthesis, Functionalization, and Applications. <em>Chem. Rev<\/em>. 1992. <strong>92<\/strong>(4): 711\u2212738. DOI:\u00a0<a title=\"DOI URL\" href=\"https:\/\/doi.org\/10.1021\/cr00012a009\">https:\/\/doi.org\/10.1021\/cr00012a009<\/a><\/li>\n<li>Ogurtsov N.A., Noskov Yu.V., Pud A.A. Effect of Multiwalled Carbon Nanotubes on the Kinetics of the Aniline Polymerization: The Semi-Quantitative OCP. <em>Approach. J. Phys. Chem. B. <\/em>2015. <strong>119<\/strong>(15): 5055\u22125061. DOI:\u00a0<a title=\"DOI URL\" href=\"https:\/\/doi.org\/10.1021\/jp511665q\">https:\/\/doi.org\/10.1021\/jp511665q<\/a><\/li>\n<li>Pud A.A., Noskov Yu.V., Ogurtsov N.A., Dimitriev O.P., Piryatinski Yu.P., Osipyonok N.M., Smertenko P.S., Kassiba A., Fatyeyeva K.Yu., Shapoval G.S. Formation and properties of nano-and micro-structured conducting polymer host\u2013guest composites. <em>Synth. Met.<\/em> 2009. <strong>159<\/strong>(21-22): 2253\u20132258. DOI:\u00a0<a title=\"Persistent link using digital object identifier\" href=\"https:\/\/doi.org\/10.1016\/j.synthmet.2009.08.043\" target=\"_blank\" rel=\"noopener\">https:\/\/doi.org\/10.1016\/j.synthmet.2009.08.043<\/a><\/li>\n<li>Ajayan P.M., Schadler L.S., Braun P.V. (Eds.) <em>Nanocomposite Science and Technology<\/em>. Weinhem: Wiley-VCH, 2003. DOI:\u00a0<a href=\"https:\/\/doi.org\/10.1002\/3527602127\">https:\/\/doi.org\/10.1002\/3527602127<\/a><\/li>\n<li>Singh R., Kaur A., Yadav K.L., Bhattacharya D. Mechanism of dc conduction in ferric chloride doped poly(3-methylthiophene). <em>Curr. Appl. Phys<\/em>. 2003. <strong>3<\/strong>(2-3): 235\u2013238. DOI:\u00a0<a title=\"Persistent link using digital object identifier\" href=\"https:\/\/doi.org\/10.1016\/S1567-1739(02)00208-0\" target=\"_blank\" rel=\"noopener\">https:\/\/doi.org\/10.1016\/S1567-1739(02)00208-0<\/a><\/li>\n<li>Janata J., Josowicz M. Conducting polymers in electronic chemical sensors. <em>Nat. Mater<\/em>. 2003. <strong>2<\/strong>: 19\u201324. DOI:\u00a0<a href=\"https:\/\/doi.org\/10.1038\/nmat768\">https:\/\/doi.org\/10.1038\/nmat768<\/a><\/li>\n<\/ol>\n<\/div>\n<\/div>\n<\/div>\n<\/div>\n<\/article>\n<\/div>\n<\/div>\n<\/section>\n<\/div>\n<\/div>\n<\/div>\n<\/div>\n<footer id=\"subfooter\" class=\"clearfix\">\n<div class=\"container\">\n<div id=\"subfooter-inside\" class=\"clearfix\">\n<div class=\"row\">\n<div class=\"col-md-12\">\n<div class=\"subfooter-area\"><\/div>\n<\/div>\n<\/div>\n<\/div>\n<\/div>\n<\/footer>\n","protected":false},"excerpt":{"rendered":"<p>Alexander A. Pud V.P. Kukhar Institute of Bioorganic Chemistry and Petrochemistry of the National Academy of Sciences of Ukraine, Kyiv, Ukraine ORCID: https:\/\/orcid.org\/0000-0002-0681-633X Nikolay A. Ogurtsov V.P. Kukhar Institute of Bioorganic Chemistry and Petrochemistry of the National Academy of Sciences of Ukraine, Kyiv, Ukraine ORCID: https:\/\/orcid.org\/0000-0002-5193-2276 Olga S. Kruglyak V P. Kukhar Institute of Bioorganic [&hellip;]<\/p>\n","protected":false},"author":1,"featured_media":0,"parent":0,"menu_order":27,"comment_status":"closed","ping_status":"closed","template":"","meta":{"footnotes":""},"class_list":["post-1593","page","type-page","status-publish","hentry"],"_links":{"self":[{"href":"https:\/\/akademperiodyka.org.ua\/en\/wp-json\/wp\/v2\/pages\/1593","targetHints":{"allow":["GET"]}}],"collection":[{"href":"https:\/\/akademperiodyka.org.ua\/en\/wp-json\/wp\/v2\/pages"}],"about":[{"href":"https:\/\/akademperiodyka.org.ua\/en\/wp-json\/wp\/v2\/types\/page"}],"author":[{"embeddable":true,"href":"https:\/\/akademperiodyka.org.ua\/en\/wp-json\/wp\/v2\/users\/1"}],"replies":[{"embeddable":true,"href":"https:\/\/akademperiodyka.org.ua\/en\/wp-json\/wp\/v2\/comments?post=1593"}],"version-history":[{"count":4,"href":"https:\/\/akademperiodyka.org.ua\/en\/wp-json\/wp\/v2\/pages\/1593\/revisions"}],"predecessor-version":[{"id":1597,"href":"https:\/\/akademperiodyka.org.ua\/en\/wp-json\/wp\/v2\/pages\/1593\/revisions\/1597"}],"wp:attachment":[{"href":"https:\/\/akademperiodyka.org.ua\/en\/wp-json\/wp\/v2\/media?parent=1593"}],"curies":[{"name":"wp","href":"https:\/\/api.w.org\/{rel}","templated":true}]}}