{"id":3927,"date":"2023-12-18T09:27:00","date_gmt":"2023-12-18T09:27:00","guid":{"rendered":"https:\/\/akademperiodyka.org.ua\/en\/?page_id=3927"},"modified":"2023-12-18T09:30:02","modified_gmt":"2023-12-18T09:30:02","slug":"chapter-2-3","status":"publish","type":"page","link":"https:\/\/akademperiodyka.org.ua\/en\/chapter-2-3\/","title":{"rendered":"Methodology of attribution of counterfeit editions and editions without original data of the printers of the Berdychiv Friary of the Discalced Carmelites and the Lutsk Dominikan Friary"},"content":{"rendered":"<p><strong>Iryna Tsiborovska-Rymarovych<\/strong><\/p>\n<p>Candidate of Historical Sciences, Senior Researcher<\/p>\n<p>V.I.\u00a0Vernadskyi National Library of Ukraine (Kyiv, Ukraine)<\/p>\n<p><a href=\"https:\/\/orcid.org\/0000-0002-5025-0767\">https:\/\/orcid.org\/0000-0002-5025-0767<\/a><\/p>\n<p>&nbsp;<\/p>\n<p><a href=\"https:\/\/doi.org\/10.15407\/akademperiodyka.494.087\">https:\/\/doi.org\/10.15407\/akademperiodyka.494.087<\/a><\/p>\n<p>&nbsp;<\/p>\n<p>REFERENCES<\/p>\n<ol>\n<li>Bondar N.P. Z dosvidu atrybucii kyrylychnykh vydan NBUV: mifichne lvivskie Yevanhelie\u00a01683 r. drukarni lvivskoho bratstva. <em>Rukopysna<\/em> <em>ta<\/em> <em>knyzhkova<\/em> <em>spadshchyna<\/em> <em>Ukrainy<\/em>. Vyp. 7. Kyiv, 2002. S. 42-51.<\/li>\n<li>Bondar N.P. Do atrybucii starodrukiv: psevdounikalnyi kyivskyi prymirnyk vydannia \u00abSymvolu viry\u00bb Afanaciia Aleksandriiskoho 1717 r. Drukarni Kyievo-Pecherskoi Lavry. <em>Rukopysna<\/em> <em>ta<\/em> <em>knyzhkova<\/em> <em>spadshchyna<\/em> <em>Ukrainy<\/em><em>.<\/em> Vyp. 16. Kyiv, 2012. S. 3-8.<\/li>\n<li>Bondar N.P. Deiaki zayvazhennia do bibliografii ukrainskich kyrylychnych starodrukiv XVIII st. <em>Rukopysna<\/em> <em>ta<\/em> <em>knyzhkova<\/em> <em>spadzhchyna<\/em> <em>Ukrainy<\/em>. Vyp. 17. Kyiv, 2013. C. 472-479.<\/li>\n<li>Bondar N.P. Frahmenty kyivskych kyrylychnych vydan yak dzherelo dopovnennia ta utochnennia bibliografii starodrukiv. <em>Biblioteka<\/em><em>. <\/em><em>Nauka<\/em><em>. <\/em><em>Komunikaciia<\/em><em>: <\/em><em>formuvannia<\/em> <em>natsionalnoho<\/em> <em>informaciinoho<\/em> <em>prostoru<\/em><em>: <\/em><em>Materialy<\/em> <em>mizhnar<\/em><em>. <\/em><em>nauk<\/em><em>. <\/em><em>konf<\/em><em>.<\/em> (Kyiv, 4-6 zhovtnia 2016 r.). Kyiv, 2016. S. 89-94.<\/li>\n<li>Bu\u0142hak H. Analiza typograficzna jako metoda ksi\u0119goznawcza w badaniach nad dawn\u0105 ksi\u0105\u017ck\u0105. <em>Prace dzia\u0142u zbior\u00f3w specjalnych Biblioteki Narodowej<\/em>. T. 2: Prace badawcze i bibliogaficzne nad zbiorami rzadkich i cennych ksi\u0105\u017cek i dokument\u00f3w. Warszawa, 1991. S.\u00a040\u201448.<\/li>\n<li>Zabolotna N. Osoblyvosti atrybucii okremych kyrylychnych vydan bez tytulnych arkushiv. <em>Biblioteka. Nauka. Komunukaciia. Stratehichni zavdannia rozvytku naukovych bibliotek: Materialy mizhnar. nauk, konf.<\/em> (Kyiv, 3-5 zhovtnia 2017 r.). Kyiv, 2017. S. 134-137.<\/li>\n<li>Zabolotna N. Nevidome univske vydannia trebnyka u fondach Natsionalnoi biblioteky Ukrainy imeni V.I. Vernadskoho. <em>Lvivska natsionalna naukova biblioteka imeni V. Stefanyka: istoriia i suchasnist: dop. ta povidoml. Mizhnar. nauk. konf.<\/em> (Lviv, 28-30 zhovtnia 2010 r.). Lviv, 2010. S. 180-184.<\/li>\n<li>Zabolotna N. Specyfika naukovoho opysu arkushevych vydan pochaivskoho druku. <em>Naukovi praci Natsionalnoi biblioteky Ukrainy imeni V.I. Vernadskoho.<\/em> Vyp. 47. Kyiv, 2017. S. 136-145.<\/li>\n<li>Zabolotna N. Pochaivski vydannia Akafistiv u XVIII st.: pryklad komponuvannia vydavnychykh konvolutiv. <em>Rukopysna i knyzhkova spadshchyna Ukrainy.<\/em> Vyp. 13. Kyiv, 2009. S. 152-168.<\/li>\n<li>Zabolotna N. Pochaivski kyrylychni starodruky yak dzherelo z istorii redakciino-vydavnychoi ta drukarskoi diialnosti. <em>Drukarnia Pochaivskoho Uspenskoho monastyria ta yii starodruky.<\/em> Kyiv, 2011. S. 33\u201455.<\/li>\n<li>Ka\u017euro I. XVIII a. Antrosios puses Vilniaus spaustuvinink\u0173 ornamentai kaip knygos istorijs \u0161altines. <em>Knygotyra<\/em>. 2019. Vol. 73. P. 26\u201461.<\/li>\n<li>Kachur I. Falshyvi adresy starodrukovanych vudan: problema identyfikacii. <em>Ksi<\/em><em>\u0105\u017c<\/em><em>ka<\/em><em>, <\/em><em>biblioteka<\/em><em>, <\/em><em>informacja<\/em><em>: <\/em><em>mi<\/em><em>\u0119<\/em><em>dzy<\/em> <em>podzia<\/em><em>\u0142<\/em><em>amy<\/em> <em>a<\/em> <em>wsp<\/em><em>\u00f3<\/em><em>lnot<\/em><em>\u0105, <\/em><em>pod<\/em> <em>red<\/em><em>. <\/em><em>J<\/em><em>.\u00a0<\/em><em>Dzieniakowskiej<\/em>. Kielce, 2007. S. 23\u201431.<\/li>\n<li>Kachur I. Problema i suchasni metody identyfikacii starodrukovanych kontrafaktnych vydan. <em>Ukraina XX st.: kultura, ideolohiia, polityka: zb. st.<\/em> Vyp. 20. Lviv: Rastr-7, 2015. S. 13\u201426.<\/li>\n<li>Rudakova Yu. Metodyka atrybucii defektnych vydan, nadrukovanych latynskyn shryftom. <em>Rukopysna i knyzhkova spadshchyna Ukrainy.<\/em> Vyp. 21. Kyiv, 2017. S. 107\u2014117.<\/li>\n<li>Rudakova Yu. Vstanovlennia vychidnych vidomostei vydannia za chudozhnim oformlenniam yak odyn iz shlachiv atrybucii (na prykladi paleotypa). <em>Biblioteka. Nauka. Komunikaciia: aktualni tendencii u cyfrovu epochu: Materialy Mizhnar, nauk. konf.<\/em> (Kyiv, 8-10 zhovtnia 2019 r.). Kyiv, 2019. T. 1. S. 209\u2014213.<\/li>\n<li>Franczyk-Ceg\u0142a A. Problemy metodologiczne w identyfikacji anonim\u00f3w typograficznych na podstawie druk\u00f3w krakowskich z lat 1601\u20141620. <em>Terminus,<\/em> 2019. T. 21, z. 4 (53). S. 437\u2014457.<\/li>\n<li>Shvec N.P. O niekotorych aspektach atribucii izdanii lvovskich iezuitov (po matierialam kataloga tipografii Lvovskogo iezuitskogo kollegiuma. 1615-1773). <em>Kniga. Issledovaniia i matierialy<\/em>. Sb. 95. Moscow: Nauka, 2012. S. 63\u201484.<\/li>\n<li>Tsiborovska-Rymarovych I. Drukarnia Berdychivskoho monastyria bosych karmelitiv: istoriia ta vydavnycha diialnist. 1758-1844. Kyiv: Akademperiodyka, 2019. 651 s.: il.<\/li>\n<li>Tsiborovska-Rymarovych I. Vydannia drukarni Lutskoho dominikanskoho monastyria (1787-1836) u fondach Natsionalnoi biblioteky Ukrainy imeni V.I. Vernadskoho. Knyhoznavche doslidzhennia. Poprymirnykovyi opys. Kyiv, 2020. 129 s.: il.<\/li>\n<li>Wanat B.J. Drukarnia Karmelu Fortecy Naj\u015bwi\u0119tszej Maryi Panny w Berdyczowie. Dzia\u0142alno\u015b\u0107 wydawnycza i polagraficzna Karmelit\u00f3w Bosych w Berdyczowie na Ukrainie. Krak\u00f3w: Wyd-wo Karmelit\u00f3w Bosych, 2002. 167 s.: il.<\/li>\n<li>Wywia\u0142kowski Z. Czcionkarnie istniei\u0105ce w dzielnicach ziem poslich od pierwszych lat istnienia a\u017c do naszych czas\u00f3w biegiem lat. Krak\u00f3w, 1884. [2], IV, 5\u201464, [4] s.<\/li>\n<li>Rusi\u0144ska-Gertych H. Dzia\u0142alno\u015bc typograficzna dominikan\u00f3w \u0142uckich w latach 1787\u20141831. <em>Dominukanie na ziemiach polskich w epoce nowo\u017cytnej<\/em> \/ red. A. Markiewicz, M. Mi\u0142awski. (Stydia i \u017ar\u00f3d\u0142a Dominika\u0144skiego Instytutu Historycznego w Krakowie, 5). Krak\u00f3w: Wydawnictwo Espri, 2009. S. 358\u2014359.<\/li>\n<li>Gaskell Ph. A New Introduction to Bibliography. Oxford: The Clarendon Press, 1974. XXIV, 438 p.: ill.<\/li>\n<li>Plomer H.R. English Prinetr\u2019s Ornaments. London: Grafton &#038; Co. Coptic Hause, 1924. 291 p.: ill. URL: https:\/\/archive.org\/details\/english printersoOOplom\/page\/n3> (\u0434\u0430\u0442\u0430 \u0437\u0432\u0435\u0440\u043d\u0435\u043d\u043d\u044f: 09.08.2022).<\/li>\n<li>Tsiborovska-Rymarovych I. Nevidome v bibliohrafii berdychivske vydannia opery-dramy V.I. Marevycha \u00abPolusia\u00bb: istoryko-knyhoznavchyi ta drukarskyi analiz. <em>Biblioteka<\/em><em>. <\/em><em>Nauka<\/em><em>. <\/em><em>Komunikaciia<\/em><em>: <\/em><em>Stratehichni<\/em> <em>zavdannia<\/em> <em>rozvytku<\/em> <em>naukovych<\/em> <em>bibliotek<\/em><em>. <\/em><em>Materialy<\/em> <em>Mizhnar<\/em><em>. <\/em><em>nauk<\/em><em>. <\/em><em>konf<\/em><em>.<\/em> (Kyiv, 3-5 zhovtnia 2017 r.). Kyiv, 2017. S. 180-183.<\/li>\n<li>Tsiborovska-Rymarovych I. Vydannia romanu Zh.F. Marmontela \u00abInky abo znyzhchennia derzhavy Peru\u00bb z falshyvymy vychidnymy danymy: fakty, hipotezy, analiz drukarskych osoblyvostei prymirnykiv. <em>Naukovi pratsi Natsionalnoi biblioteky Ukrainy imeni V.I. Vernadskoho. <\/em>Kyiv, 2017. Vyp. 47. S. 231-244.<\/li>\n<li>Szczepaniec J. Rola drukarstwa w \u017cyciu literackim polskiego O\u015bwiecenia. Zarys wybranych zagadnie\u0144. <em>Problemy literatury polskiej okresu O\u015bwiecenia<\/em><em>.<\/em> <em>Praca zbiorowa<\/em> \/ Pod red. Z. Goli\u0144skiego. Wroc\u0142aw; Warszawa; Krak\u00f3w; Gda\u0144sk, 1973. S. 49-105.<\/li>\n<li>Szczepaniec J. Utajone publikacje o tre\u015bciach politycznych w Polsce w dobie Sejmu Wielkiego. <em>Pi\u015bmiennictwo \u2014 system kontroli \u2014 obiegi alternatywne<\/em> \/ Pod red. J. Kosteckiego, A. Brodzkiej. Warszawa, 1992. T. 2. S. 15\u201418.<\/li>\n<li>Tsiborovska-Rymarovych I. Kontrafaktni vydannia i vydannia bez vychidnych danych Lutskoi dominikanskoi drukarni. <em>Ostrozkyi kraieznavchyi zbirnyk.<\/em> Vyp. 10. Ostroh, 2018. S. 220-232.<\/li>\n<li>Tsiborovska-Rymarovych I. Kontrafaktne vydannia Lutskoi dominikanskoi drukarni \u00abMysli polityczne dla Polski\u00bb (1790): istoryko-knyhoznavchyi ta drukarskyi analiz. <em>Biblioteka. Nauka. Komunikacii. Do 100-richchia Natsionalnoi biblioteky Ukrainy imeni V.I. Vernadskoho. Materialy Mizhnar. nauk. konf. <\/em>(Kyiv, 6-8 lystopada 2018 u.). Kyiv, 2018. S. 227-230.<\/li>\n<li>Tsiborovska-Rymarovych I. Kontrafaktni politychni vydannia drukarni Lutskoho dominikanskoho monastyria (1787-1836): drukarske vykonannia, atrybutsiia, syspilna potreba. <em>Vydavnychyi ruch v Ukraini: seredovyshcha, artefakty. Dopovidi i povidomlennia Mizhnar. nauk. konf.<\/em> (Lviv, 24-25 zhovtnia 2019 r.). Lviv, 2019. S. 33-35.<\/li>\n<li>Bibliotieka Radzivillov Niesvizhskoi ordinacii: Kataloh izdanii iz fonda Tsentralnoi nauchnoi bibliotieki imeni Yakuba Kolasa NAN Bielarusi. Minsk, 2013. Kn. 1 (1701-1750). 832 s.: il.<\/li>\n<li>Zapasko Ya.P. Mystetska spadshchyna Ivana Fedorova. Lviv, 1974. 223 s., il.<\/li>\n<li>Kisiliov N.P. Nabornyie ukrasheniia v izdaniiach Ivana Fedorova. <em>Kniha. Issliedovaniia i matierialy<\/em>. Moscow, 1964. Vyp. 9. S. 69\u201476.<\/li>\n<li>Husieva A.A. Idientifikaciia ekzemplarov ukrainskich izdanii kirillovskoho szrifta vtoroi poloviny XVI-XVIII vv. Metodichieskiie rekomendacii. Moscow, 1997. 138 s.<\/li>\n<li>Bibliotieka Radzivillov Niesvizhkoi ordinacii: Kataloh izdanii iz fonda Tsentralnoi nauchnoi bibliotieki imeni Yakuba Kolasa NAN Bielarusi. Minsk, 2014. Kn. 2 (1751\u20141770). 975 s.: il.<\/li>\n<li>Bochkovska V.H., Chaucha L.V., Adamovych V.A. Kataloh vydan Pochaivskoho ta Univskoho monastyri XVIII-XX st. z kolekcii Muzeiu knyhy i drukarstva Ukrainy. Kyiv: VD \u00abKyievo-Mohylianska akademiia\u00bb, 2008. 359 s.: il.,<\/li>\n<li>Tsiborovska-Rymarovych I. Ridkisne vydannia XVIII stolittia drukarni Lutskoho dominikanskoho monastyria u fondach Natsionalnoi biblioteky Ukrainy imeni V.I. Vernadskoho. <em>Naukovi pratsi Natsionalnoi biblioteky Ukrainy imeni V.I. Vernadskoho<\/em>. Vyp. 10. 2003. S. 149\u2014156.<\/li>\n<li>Szczepanic J. Zawadzki Piotr. <em>S\u0142ownik pracownik\u00f3w ksi\u0105\u017cki polskiej<\/em>. Warszawa; \u0141\u00f3d\u017a, 1972. S. 1015.<\/li>\n<li>Wywia\u0142kowski Z. Czcionkarnie istniei\u0105ce w dzielnicach ziem poslich od pierwszych lat istnienia a\u017c do naszych czas\u00f3w biegiem lat. Krak\u00f3w, 1884. 68 s.<\/li>\n<\/ol>\n","protected":false},"excerpt":{"rendered":"<p>Iryna Tsiborovska-Rymarovych Candidate of Historical Sciences, Senior Researcher V.I.\u00a0Vernadskyi National Library of Ukraine (Kyiv, Ukraine) https:\/\/orcid.org\/0000-0002-5025-0767 &nbsp; https:\/\/doi.org\/10.15407\/akademperiodyka.494.087 &nbsp; REFERENCES Bondar N.P. Z dosvidu atrybucii kyrylychnykh vydan NBUV: mifichne lvivskie Yevanhelie\u00a01683 r. drukarni lvivskoho bratstva. Rukopysna ta knyzhkova spadshchyna Ukrainy. Vyp. 7. Kyiv, 2002. S. 42-51. Bondar N.P. Do atrybucii starodrukiv: psevdounikalnyi kyivskyi prymirnyk vydannia [&hellip;]<\/p>\n","protected":false},"author":1,"featured_media":0,"parent":0,"menu_order":0,"comment_status":"closed","ping_status":"closed","template":"","meta":{"footnotes":""},"class_list":["post-3927","page","type-page","status-publish","hentry"],"_links":{"self":[{"href":"https:\/\/akademperiodyka.org.ua\/en\/wp-json\/wp\/v2\/pages\/3927","targetHints":{"allow":["GET"]}}],"collection":[{"href":"https:\/\/akademperiodyka.org.ua\/en\/wp-json\/wp\/v2\/pages"}],"about":[{"href":"https:\/\/akademperiodyka.org.ua\/en\/wp-json\/wp\/v2\/types\/page"}],"author":[{"embeddable":true,"href":"https:\/\/akademperiodyka.org.ua\/en\/wp-json\/wp\/v2\/users\/1"}],"replies":[{"embeddable":true,"href":"https:\/\/akademperiodyka.org.ua\/en\/wp-json\/wp\/v2\/comments?post=3927"}],"version-history":[{"count":2,"href":"https:\/\/akademperiodyka.org.ua\/en\/wp-json\/wp\/v2\/pages\/3927\/revisions"}],"predecessor-version":[{"id":3930,"href":"https:\/\/akademperiodyka.org.ua\/en\/wp-json\/wp\/v2\/pages\/3927\/revisions\/3930"}],"wp:attachment":[{"href":"https:\/\/akademperiodyka.org.ua\/en\/wp-json\/wp\/v2\/media?parent=3927"}],"curies":[{"name":"wp","href":"https:\/\/api.w.org\/{rel}","templated":true}]}}