{"id":3952,"date":"2023-12-18T10:00:13","date_gmt":"2023-12-18T10:00:13","guid":{"rendered":"https:\/\/akademperiodyka.org.ua\/en\/?page_id=3952"},"modified":"2023-12-18T10:00:13","modified_gmt":"2023-12-18T10:00:13","slug":"chapter-3-2","status":"publish","type":"page","link":"https:\/\/akademperiodyka.org.ua\/en\/chapter-3-2\/","title":{"rendered":"The distinguishing issues of Western European editions\u2019 attribution (by the example of the VNLU estiennes\u2019 collection)"},"content":{"rendered":"<p><strong>Olena Kurhanova<\/strong><\/p>\n<p>Candidate of Philological Sciences, Senior Research Associate of Early Printed and Rare Books Department<\/p>\n<p>Institute of Book Studies of\u00a0V.I.\u00a0Vernadskyi National Library of Ukraine (Kyiv, Ukraine)<\/p>\n<p><a href=\"https:\/\/orcid.org\/0000-0003-1609-231X\">https:\/\/orcid.org\/0000-0003-1609-231X<\/a><\/p>\n<p>&nbsp;<\/p>\n<p><a href=\"https:\/\/doi.org\/10.15407\/akademperiodyka.494.170\">https:\/\/doi.org\/10.15407\/akademperiodyka.494.170<\/a><\/p>\n<p>&nbsp;<\/p>\n<p>REFERENCES<\/p>\n<ol>\n<li>Kovalchuk H.I. Doslidzhennia zakhidnoievropeiskykh starodrukiv u Natsionalnii bibliotetsi Ukrainy imeni V.I. Vernadskoho [Research of Western European old printing books at V. I. Vernadskyi National Library of Ukraine]. <em>Rukopisna ta kni\u017ekova spad\u015dina Ukra\u00efni [<\/em>Manuscript and Book Heritage of Ukraine<em>]<\/em>. Is. 25. P. 25\u201438 [in Ukrainian].<\/li>\n<li>Nedashkivska O.S. Istoryko-knyhoznavcha kharakterystyka kolektsii elzeviriv viddilu starodrukiv ta ridkisnykh vydan Natsionalnoi biblioteky Ukrainy imeni V.I. Vernadskoho. <em> Nauka. Komunikatsiia: materialy mizhnar. nauk. konf.<\/em> Kyiv, 2016. P. 164\u2014167 [in Ukrainian].<\/li>\n<li>Shamrai M.A. Aldyny v bibliotekakh Ukrainy: kataloh [Aldins in Ukraine. ]. Kyiv: Akademperiodyka,\u00a02008. 136, [7] p., [6] l. photo: il. [in Ukrainian].<\/li>\n<li>Shamraj M.A. Katalog paleotipov iz fondov Central\u2019noj nauchnoj biblioteki imeni V.I. Vernadskogo NAN Ukrainy. Kyiv: Naukova dumka, 1995. 550 p. [in Russian].<\/li>\n<li>Tsiborovska-Rymarovych I.O. Rodovi biblioteky Pravoberezhnoi Ukrainy XVIII st. (Vyshnevetskykh \u2014 Mnishekiv, Pototskykh, Mikoshevskykh): istorychna dolia ta suchasnyi stan. Kyiv, 2006. 394 p. [in Ukrainian].<\/li>\n<li>Bulatova S.O. Knyzhkove zibrannia rodu polskykh mahnativ Yablonovskykh u fondakh Natsionalnoi biblioteky Ukrainy imeni V.I. Vernadskoho. Kyiv, 2006. 332 p. [in Ukrainian].<\/li>\n<li>Rabchun O.S. Biblioteka Zahinetska. Moscow: Pero, 2017. 266 p. [in Ukrainian].<\/li>\n<li>Nedashkivska O. Doslidzhennia elzeviriv \u2014 vydan hollandskoi firmy KhVII st.: zdobutky ta perspektyvy [The Researches on the Elzeviers \u2014 the Editions of the 17th Century Dutch Printing House: Their Achievements and Prospects]. <em>Naukovi pratsi Natsionalnoi biblioteky Ukrainy imeni V.I. Vernadskoho <\/em><em>[<\/em><em>Academic Papers of The Vernadsky National Library of Ukraine<\/em><em>]<\/em>. Is. 47. P. 163\u2014176 [in Ukrainian].<\/li>\n<li>Nedashkivska O.S. Vykorystannia elektronnykh informatsiinykh resursiv pry bibliohrafichnomu opysi vydan firmy Elzeviriv kintsia XVI \u2014 pochatku XVIII st. z fondiv Natsionalnoi biblioteky Ukrainy imeni V.I. Vernadskoho<em>. <\/em><em> Nauka. Komunikatsiia: materialy mizhnar. nauk. konf.<\/em>: in 2 p.. 2015. P. 1. P. 191\u2014193 [in Ukrainian].<\/li>\n<li>Nedashkivska O. Tematychnyi sklad kolektsii elzeviriv viddilu starodrukiv ta ridkisnykh vydan Natsionalnoi biblioteky Ukrainy imeni V.I. Vernadskoho [Thematic structure of Elzevier collection of old-printed and rare books department of Vernadsky National Library of Ukraine]. <em>Naukovi pratsi Natsionalnoi biblioteky Ukrainy imeni V.I. Vernadskoho [Academic Papers of The Vernadsky National Library of Ukraine]<\/em>. Is. 44. P. 264\u2014273 [in Ukrainian].<\/li>\n<li>Kurhanova O. Identyfikator &#8220;finherprynt&#8221; yak element bibliohrafichnoho opysu kolektsii Elzeviriv v elektronnomu katalozi viddilu starodrukiv ta ridkisnykh vydan NBUV [Fingerprint as an Element of Bibliographical Description of the Elzeveir Collection in Electronic Catalogue of Old and Rare Books Department of VNLU]. <em>B\u00ecbl\u00ecote\u010dnij v\u00ecsnik<\/em> <em>[Library journal]<\/em>. 2015. \u2116 2. P. 14\u201418 [in Ukrainian].<\/li>\n<li>Kurhanova O. Varianty drukarskoi marky Etieniv u kolektsii Natsionalnoi biblioteky Ukrainy imeni V.I. Vernadskoho [The Variants of Estiennes Printer`s Mark in Vernadsky\u0456 National Library of Ukraine Collection]. <em> Nauka. Komunikatsiia. Rozvytok bibliotechno-informatsiinoho potentsialu v umovakh tsyfrovizatsii: materialy mizhnar. nauk. konf. (Kyiv, 6\u20148 lystop. 2020 r.) \/ NAN Ukrainy, Nats. b-ka Ukrainy im. V.I. Vernadskoho [ta in.]; [redkol.: L. A. Dubrovina ta in.]<\/em>. Kyiv, 2020. P. 282\u2014285 [in Ukrainian].<\/li>\n<li>Kurhanova O. Vydavnycha kolektsiia etieniv Natsionalnoi biblioteky Ukrainy imeni V.I. Vernadskoho: dosvid atrybutsii ta tsyfrovoi katalohizatsii [<a href=\"http:\/\/np.nbuv.gov.ua\/cgi-bin\/np\/jrn.exe?I21DBN=EN&#038;P21DBN=np&#038;Z21ID=&#038;S21REF=10&#038;S21CNR=20&#038;S21STN=1&#038;S21FMT=ASP_meta_en&#038;C21COM=S&#038;2_S21P03=FILA=&#038;2_S21STR=npnbuimviv_2021_62_30\">The Estienne editions collection of Vernadsky National Library of Ukraine: an experience of attribution and electronic cataloging<\/a>]. <em>Naukovi pratsi Natsionalnoi biblioteky Ukrainy imeni V.I. Vernadskoho [Academic Papers of The Vernadsky National Library of Ukraine]<\/em>. \u0412\u0438\u043f. 62. \u0421. 407\u2014418 [in Ukrainian].<\/li>\n<li>Kurhanova O. Istoriia svitovoho knyhodrukuvannia kriz pryzmu vydavnychykh kolektsii: elektronni vystavky etieniv ta elzeviriv na vebsaiti NBUV. <em>B\u00ecbl\u00ecote\u010dnij v\u00ecsnik<\/em> <em>[Library journal]<\/em>. 2021. \u2116 1. P. 32\u201439 [in Ukrainian].<\/li>\n<li>Renouard A.-A. Annales de L\u2019imprimerie des Estienne ou histoire de la famille des Estienne et des ses editions. Paris: Chez Jules\u00a0Renouard\u00a0et cie, Libraires, 1843. XIX, [1], 584, [2], 16 p.; [2] f.: tab.<\/li>\n<li>Dieterle H. Henri Estienne. (Henricus Stephanus): Beitrag zu seiner Wu\u0308rdigung als franzo\u0308sischer Schriftsteller und Sprachforscher.\u00a0Strassburg: W. Friedrich, 1895. 94 p.<\/li>\n<li>Armstrong E. Robert Estienne Royal Printer: An historical study of the Elder Stephanus. Cambridge: At the University press, 1954. 309 p.<\/li>\n<li>Renouard Ph. Les marques typographiques Parisiennes des XV et XVI siecles. Paris, 1928. 381 \u0440. URL: <a href=\"https:\/\/gallica.bnf.fr\/ark:\/12148\/bpt6k990535g\/f11.item\">https:\/\/gallica.bnf.fr\/ark:\/12148\/bpt6k990535g\/f11.item<\/a><\/li>\n<li>Mellot D.,\u00a0Queval E. R\u00e9pertoire d\u2019imprimeurs\/libraires (vers 1500-vers 1810). Paris:<a href=\"https:\/\/www.google.com.ua\/search?hl=uk&#038;tbo=p&#038;tbm=bks&#038;q=inauthor:%22Biblioth%C3%A8que+nationale+de+France%22&#038;source=gbs_metadata_r&#038;cad=5\">Biblioth\u00e8que nationale de France<\/a>,\u00a02004. 668 \u0440.<\/li>\n<li>Coi De capitis vulneribus liber. Lutetiae [Paris]: Apud Mamertum Patissonium typographum regium, in officina Roberti Stephani, 1578. [8], 94, [2] p.; [1] f.: il. <strong><br \/>\n<\/strong><\/li>\n<\/ol>\n","protected":false},"excerpt":{"rendered":"<p>Olena Kurhanova Candidate of Philological Sciences, Senior Research Associate of Early Printed and Rare Books Department Institute of Book Studies of\u00a0V.I.\u00a0Vernadskyi National Library of Ukraine (Kyiv, Ukraine) https:\/\/orcid.org\/0000-0003-1609-231X &nbsp; https:\/\/doi.org\/10.15407\/akademperiodyka.494.170 &nbsp; REFERENCES Kovalchuk H.I. Doslidzhennia zakhidnoievropeiskykh starodrukiv u Natsionalnii bibliotetsi Ukrainy imeni V.I. Vernadskoho [Research of Western European old printing books at V. I. Vernadskyi [&hellip;]<\/p>\n","protected":false},"author":1,"featured_media":0,"parent":0,"menu_order":0,"comment_status":"closed","ping_status":"closed","template":"","meta":{"footnotes":""},"class_list":["post-3952","page","type-page","status-publish","hentry"],"_links":{"self":[{"href":"https:\/\/akademperiodyka.org.ua\/en\/wp-json\/wp\/v2\/pages\/3952","targetHints":{"allow":["GET"]}}],"collection":[{"href":"https:\/\/akademperiodyka.org.ua\/en\/wp-json\/wp\/v2\/pages"}],"about":[{"href":"https:\/\/akademperiodyka.org.ua\/en\/wp-json\/wp\/v2\/types\/page"}],"author":[{"embeddable":true,"href":"https:\/\/akademperiodyka.org.ua\/en\/wp-json\/wp\/v2\/users\/1"}],"replies":[{"embeddable":true,"href":"https:\/\/akademperiodyka.org.ua\/en\/wp-json\/wp\/v2\/comments?post=3952"}],"version-history":[{"count":3,"href":"https:\/\/akademperiodyka.org.ua\/en\/wp-json\/wp\/v2\/pages\/3952\/revisions"}],"predecessor-version":[{"id":3957,"href":"https:\/\/akademperiodyka.org.ua\/en\/wp-json\/wp\/v2\/pages\/3952\/revisions\/3957"}],"wp:attachment":[{"href":"https:\/\/akademperiodyka.org.ua\/en\/wp-json\/wp\/v2\/media?parent=3952"}],"curies":[{"name":"wp","href":"https:\/\/api.w.org\/{rel}","templated":true}]}}