{"id":3970,"date":"2023-12-18T10:13:44","date_gmt":"2023-12-18T10:13:44","guid":{"rendered":"https:\/\/akademperiodyka.org.ua\/en\/?page_id=3970"},"modified":"2023-12-18T10:13:44","modified_gmt":"2023-12-18T10:13:44","slug":"chapter-4-1","status":"publish","type":"page","link":"https:\/\/akademperiodyka.org.ua\/en\/chapter-4-1\/","title":{"rendered":"Methodology of historical and bibliographic examination and attribution of private and monastic book collections of the XVII\u2014XVIII centuries as historical and cultural monuments"},"content":{"rendered":"<p><strong>Iryna Tsiborovska-Rymarovych<\/strong><\/p>\n<p>Candidate of Historical Sciences, Senior Researcher<\/p>\n<p>V.I.\u00a0Vernadskyi National Library of Ukraine (Kyiv, Ukraine)<\/p>\n<p><a href=\"https:\/\/orcid.org\/0000-0002-5025-0767\">https:\/\/orcid.org\/0000-0002-5025-0767<\/a><\/p>\n<p>&nbsp;<\/p>\n<p><a href=\"https:\/\/doi.org\/10.15407\/akademperiodyka.494.205\">https:\/\/doi.org\/10.15407\/akademperiodyka.494.205<\/a><\/p>\n<p>&nbsp;<\/p>\n<p>REFERENCES<\/p>\n<ol>\n<li>Dziuba O.M., Frys V.Ya. Biblioteky Ukrainy. Istoriia ukrainskoi kultury. Kyiv: Nauk. dumka, 2003. T. 3. S. 814.<\/li>\n<li>Pid\u0142ypczak-Majerowicz M. Biblioteki i bibliotekarstwo zakonne na wschodnich ziemiach Rzeczypospolitej w XVII\u2014XVIII wieku. Wroc\u0142aw: Wydawnictwo Uniwersytetu Wroc\u0142awskiego, 1996. 190 s.<\/li>\n<li>Winiarczyk M. Skr\u00f3ty \u0142aci\u0144skie w ksi\u0105\u017ckach drukowanych z dodatkiem skr\u00f3t\u00f3w greckich. Wyd. 2-ie poprawione i uzupe\u0142nione \/ Zebra\u0142 Marek Winiarczyk. Wroc\u0142aw: Wydawnictwo Uniwersytetu Wroc\u0142awskiego, 1995. XII, 122 s.<\/li>\n<li>Grzebie\u0144 L. Organizacja bibliotek jezuickich w Polsce od XVI do XVIII wieku. Archiwa, Biblioteki i Muzea Ko\u015bcielne. Lublin, 1975. T. 31. S. 229\u2014230.<\/li>\n<\/ol>\n","protected":false},"excerpt":{"rendered":"<p>Iryna Tsiborovska-Rymarovych Candidate of Historical Sciences, Senior Researcher V.I.\u00a0Vernadskyi National Library of Ukraine (Kyiv, Ukraine) https:\/\/orcid.org\/0000-0002-5025-0767 &nbsp; https:\/\/doi.org\/10.15407\/akademperiodyka.494.205 &nbsp; REFERENCES Dziuba O.M., Frys V.Ya. Biblioteky Ukrainy. Istoriia ukrainskoi kultury. Kyiv: Nauk. dumka, 2003. T. 3. S. 814. Pid\u0142ypczak-Majerowicz M. Biblioteki i bibliotekarstwo zakonne na wschodnich ziemiach Rzeczypospolitej w XVII\u2014XVIII wieku. Wroc\u0142aw: Wydawnictwo Uniwersytetu Wroc\u0142awskiego, 1996. [&hellip;]<\/p>\n","protected":false},"author":1,"featured_media":0,"parent":0,"menu_order":0,"comment_status":"closed","ping_status":"closed","template":"","meta":{"footnotes":""},"class_list":["post-3970","page","type-page","status-publish","hentry"],"_links":{"self":[{"href":"https:\/\/akademperiodyka.org.ua\/en\/wp-json\/wp\/v2\/pages\/3970","targetHints":{"allow":["GET"]}}],"collection":[{"href":"https:\/\/akademperiodyka.org.ua\/en\/wp-json\/wp\/v2\/pages"}],"about":[{"href":"https:\/\/akademperiodyka.org.ua\/en\/wp-json\/wp\/v2\/types\/page"}],"author":[{"embeddable":true,"href":"https:\/\/akademperiodyka.org.ua\/en\/wp-json\/wp\/v2\/users\/1"}],"replies":[{"embeddable":true,"href":"https:\/\/akademperiodyka.org.ua\/en\/wp-json\/wp\/v2\/comments?post=3970"}],"version-history":[{"count":2,"href":"https:\/\/akademperiodyka.org.ua\/en\/wp-json\/wp\/v2\/pages\/3970\/revisions"}],"predecessor-version":[{"id":3974,"href":"https:\/\/akademperiodyka.org.ua\/en\/wp-json\/wp\/v2\/pages\/3970\/revisions\/3974"}],"wp:attachment":[{"href":"https:\/\/akademperiodyka.org.ua\/en\/wp-json\/wp\/v2\/media?parent=3970"}],"curies":[{"name":"wp","href":"https:\/\/api.w.org\/{rel}","templated":true}]}}