{"id":3988,"date":"2023-12-18T10:39:00","date_gmt":"2023-12-18T10:39:00","guid":{"rendered":"https:\/\/akademperiodyka.org.ua\/en\/?page_id=3988"},"modified":"2023-12-18T10:39:00","modified_gmt":"2023-12-18T10:39:00","slug":"chapter-5-1","status":"publish","type":"page","link":"https:\/\/akademperiodyka.org.ua\/en\/chapter-5-1\/","title":{"rendered":"Textological attribution of Western European sources in Antonii Radyvylovskyi\u2019s sermons"},"content":{"rendered":"<p><strong>Olha Maksymchuk<\/strong><\/p>\n<p>PhD (in Philology), Research Associate, Department of Early Printed and Rare Books<\/p>\n<p>Institute of Book Studies of V.I.\u00a0Vernadskyi National Library of Ukraine (Kyiv, Ukraine)<\/p>\n<p><a href=\"https:\/\/orcid.org\/0000-0002-6932-6434\">https:\/\/orcid.org\/0000-0002-6932-6434<\/a><\/p>\n<p><strong>\u00a0<\/strong><\/p>\n<p><a href=\"https:\/\/doi.org\/10.15407\/akademperiodyka.494.263\">https:\/\/doi.org\/10.15407\/akademperiodyka.494.263<\/a><\/p>\n<p>&nbsp;<\/p>\n<p>REFERENCES<\/p>\n<ol>\n<li>Levchenko-Komisarenko T. Zhyttievyi shliakh i tvorchyi dorobok Antoniia Radyvylovskoho. <em>Slovo i chas<\/em>. 2016. \u2116 9. P. 79\u201491.<\/li>\n<li>Yakovenko N. U poshukakh Novoho neba: Zhyttia i teksty Yoanykiia Galiatovskoho. Kyiv: Laurus; Krytyka, 2017. 704 p.<\/li>\n<li>Spivak V. Filosofski pohliady Antoniia Radyvylovskoho v konteksti ukrainskoi dukhovnoi kultury XVII st. Chernihiv: Scriptorium, 2018. 326 p.<\/li>\n<li>Markovskij M. Antonij Radivilovskij, juzhno-russkij propovednik XVII v. Neizdannye propovedi Antonija Radivilovskogo. Kyiv: Tipografija Imp. universiteta sv. Vladimira, 1894. 187, 86 p.<\/li>\n<li>Petrov N. Opisanie rukopisnyh sobranij, nahodjashhihsja v gorode Kyive. Moscow: Universitetskaja tipografija, 1896. Iss. 2 . [4], 294 p.<\/li>\n<li>Krekoten V.I.\u00a0 (ed.). Ukrainska literatura XVII st. Sintetichna pisemnist. Poezija. Dramaturgija. Beletristika. Kyiv: Naukova dumka, 1987. 606 p.<\/li>\n<li>Nika O., Oleshko Yu. (eds). Radyvylovskyi Antonii. Barokovi propovidi XVII stolittia. Kyiv: Osvita Ukrainy, 2019. XIV, 380 p.<\/li>\n<li>Zelinska O. Ukrainska barokova propovid: movnyi svit i kulturni vytoky. Kyiv: Vydavnychyi dim Dmytra Buraho, 2013. 421 p.<\/li>\n<li>Krekoten V. Opovidannia Antoniia Radyvylovskoho. Z istorii ukrainskoi novelistyky XVII st. Kyiv: Naukova dumka, 1983. 407 p.<\/li>\n<li>Averincev S.S., Andreev M.L., Gasparov M.L., Grincer P.A., Mihajlov A.V. Kategorii pojetiki v smene literaturnyh jepoh. <em>Istoricheskaja pojetika. Literaturnye jepohi i tipy hudozhestvennogo soznanija<\/em>. Moscow: Nasledie, 1994. P. 3\u201438.<\/li>\n<li>S\u0142ownik Literatury Staropolskiej: s\u0301redniowiecze, renesans, barok \/ pod red. Teresy Micha\u0142owskiej. Wroc\u0142aw; Warszawa; Krak\u00f3w: Zak\u0142ad Narodowy im. Ossolin\u0301skich, 1990. 976 s.<\/li>\n<li>Mezhevikina O.S. Osoblyvosti vykorystannia emblematychnykh obraziv u tekstakh Hryhoriia Skovorody. Akteon. <em>Naukovi zapysky NaUKMA<\/em>. 2009. Vol. 88: Teoriia ta istoriia kultury. P. 4\u20148.<\/li>\n<li>Soletskyi O. Literatura ukrainskoho Baroko v konteksti yevropeiskoi emblematychnoi tradytsii. <em>Ukrainoznavchi studii<\/em>. \u2116 19. Ivano-Frankivsk: Plai, 2018. P. 188\u2014200.<\/li>\n<li>Bartolini M.G. Judging a book by its cover: Meditation, memory, and invention in seventeenth-century Ukrainian title pages. <em>Canadian Slavonic Papers<\/em>. 2017. \u2116 59. P. 21\u201455.<\/li>\n<li>Grze\u015bkowiak R., Nied\u017awied\u017a J. Wst\u0119p. In: Mieleszko M. <em>Emblematy<\/em>. Warszawa: Wydawnictwo Neriton, 2010. S. 7\u201470.<\/li>\n<li>Kroll W. Poeta laureatus Stefan Jaworski i emblematyka. <em>Terminus<\/em>. 2018, Vol. 20, \u2116 2. S. 195\u2014253.<\/li>\n<li>Chyzhevskyi D. Ukrainske literaturne baroko: vybrani pratsi z davnoi literatury. Kyiv: Oberehy, 2003. 576 p.<\/li>\n<li>Peretc V. K istorii Kyivo-Mogiljanskoj kollegii. Panegiriki i stihi B. Hmel\u2019nickomu, I. Podkove i arh. Lazarju Baranovichu. <em>Chtenija v Istoricheskom obshhestve Nestora-letopisca<\/em>. Kyiv: T.G. Mejnander, 1900. Vol. 14, iss. 1. P. 7\u201425 (III).<\/li>\n<li>Krekoten V. Kyivska poetyka 1637 r. <em>Literaturna spadshchyna Kyivskoi Rusi i ukrainska literatura 16\u201418 st<\/em>. Kyiv: Naukova dumka, 1981. P. 118\u2014154.<\/li>\n<li>Tsyhanok O. \u00abLiber artis poeticae\u00bb [Knyha pro poetychne mystetstvo] (1637): materialy dlia opysu ta perypetii doslidzhennia. <em>Naukovi vyklady<\/em>. <em>Literaturoznavstvo<\/em>. 2014. P. 56\u201459.<\/li>\n<li>Dovhalevskyi M. Poetyka (Sad poetychnyi) \/ V.\u00a0P. Masliuk (transl.). Kyiv: Mystetstvo, 1973. 434 p.<\/li>\n<li>Morozov A. Jemblematika barokko v literature i iskusstve petrovskogo vremeni. <em>Problemy literaturnogo razvitija v Rossii pervoj treti XVIII veka<\/em>. Leningrad: Nauka, 1974. P. 184\u2014226.<\/li>\n<li>Almes I. Knyhozbirni u sotsiokulturnomu prostori chernechykh spilnot Lvivskoi yeparkhii XVII\u2014XVIII st.: dissertation \/ Natsionalna akademiia nauk Ukrainy, Instytut ukrainoznavstva im. I. Kryp\u2019iakevycha, Instytut narodoznavstva. Lviv, 2018. 318 p.<\/li>\n<li>Stepovyk D. Ivan Shchyrskyi: poetychnyi obraz v ukrainskii barokkovii hraviuri. Kyiv: Mystetstvo, 1988. 156, [3] p.<\/li>\n<li>Mynenko Yu. Emblematychnyi ta panehirychnyi strumeni ukrainskoi heraldychnoi poezii. <em>Visnyk Zhytomyrskoho derzhavnoho universytetu<\/em>. 2010. Iss. 51: filolohichni nauky. P. 206\u2014209.<\/li>\n<li>Sazonova L. Literaturnaja kul\u2019tura Rossii. Rannee Novoe vremja. Moscow: Jazyki slavjanskoj kul\u2019tury. 896 p.<\/li>\n<li>Korzo M. Verbal\u2019nye kartinki v pravoslavnoj propovedi XVII veka. \u00abPredmova Svjashhenickaja pri shljube Malzhenskom\u00bb vo l\u2019vovskih Trebnikah 1644 i 1645 gg. <em>Studi Slavistici<\/em>. 2021. Vol. 18. \u21161. P. 19\u201433.<\/li>\n<\/ol>\n<p><strong>\u00a0<\/strong><\/p>\n<p>&nbsp;<\/p>\n","protected":false},"excerpt":{"rendered":"<p>Olha Maksymchuk PhD (in Philology), Research Associate, Department of Early Printed and Rare Books Institute of Book Studies of V.I.\u00a0Vernadskyi National Library of Ukraine (Kyiv, Ukraine) https:\/\/orcid.org\/0000-0002-6932-6434 \u00a0 https:\/\/doi.org\/10.15407\/akademperiodyka.494.263 &nbsp; REFERENCES Levchenko-Komisarenko T. Zhyttievyi shliakh i tvorchyi dorobok Antoniia Radyvylovskoho. Slovo i chas. 2016. \u2116 9. P. 79\u201491. Yakovenko N. U poshukakh Novoho neba: Zhyttia [&hellip;]<\/p>\n","protected":false},"author":1,"featured_media":0,"parent":0,"menu_order":0,"comment_status":"closed","ping_status":"closed","template":"","meta":{"footnotes":""},"class_list":["post-3988","page","type-page","status-publish","hentry"],"_links":{"self":[{"href":"https:\/\/akademperiodyka.org.ua\/en\/wp-json\/wp\/v2\/pages\/3988","targetHints":{"allow":["GET"]}}],"collection":[{"href":"https:\/\/akademperiodyka.org.ua\/en\/wp-json\/wp\/v2\/pages"}],"about":[{"href":"https:\/\/akademperiodyka.org.ua\/en\/wp-json\/wp\/v2\/types\/page"}],"author":[{"embeddable":true,"href":"https:\/\/akademperiodyka.org.ua\/en\/wp-json\/wp\/v2\/users\/1"}],"replies":[{"embeddable":true,"href":"https:\/\/akademperiodyka.org.ua\/en\/wp-json\/wp\/v2\/comments?post=3988"}],"version-history":[{"count":2,"href":"https:\/\/akademperiodyka.org.ua\/en\/wp-json\/wp\/v2\/pages\/3988\/revisions"}],"predecessor-version":[{"id":3992,"href":"https:\/\/akademperiodyka.org.ua\/en\/wp-json\/wp\/v2\/pages\/3988\/revisions\/3992"}],"wp:attachment":[{"href":"https:\/\/akademperiodyka.org.ua\/en\/wp-json\/wp\/v2\/media?parent=3988"}],"curies":[{"name":"wp","href":"https:\/\/api.w.org\/{rel}","templated":true}]}}