{"id":4001,"date":"2023-12-18T10:52:05","date_gmt":"2023-12-18T10:52:05","guid":{"rendered":"https:\/\/akademperiodyka.org.ua\/en\/?page_id=4001"},"modified":"2023-12-18T10:52:05","modified_gmt":"2023-12-18T10:52:05","slug":"chapter-5-3","status":"publish","type":"page","link":"https:\/\/akademperiodyka.org.ua\/en\/chapter-5-3\/","title":{"rendered":"\u00abRequiem\u00bbby Waclav Rzevuski: history of the composition and attribution of the source"},"content":{"rendered":"<p><strong>Larysa Ivchenko<\/strong><\/p>\n<p>Candidate of Art History, Head of Music Books and Collections Department<\/p>\n<p>Institute of Book Studies, of V.I.\u00a0Vernadskyi National Library of Ukraine (Kyiv, Ukraine)<\/p>\n<p>Member of the National Union of Composers and Musicologists of Ukraine<\/p>\n<p><a href=\"https:\/\/orcid.org\/0000-0003-2562-3979\">https:\/\/orcid.org\/0000-0003-2562-3979<\/a><\/p>\n<p>e-mail: ivchenko@nbuv.gov.ua<\/p>\n<p>&nbsp;<\/p>\n<p><strong>Shkurgan Oksana<\/strong><\/p>\n<p>PhD in Arts studies, Association of Polish Musicians (Stowarzyszenie Polskich Artyst\u00f3w Muzyk\u00f3w) Warsaw (Poland)<\/p>\n<p>Administrative specialist<\/p>\n<p>Warsaw University of Technology<\/p>\n<p><a href=\"https:\/\/orcid.org\/0000-0003-4781-3853\">https:\/\/orcid.org\/0000-0003-4781-3853<\/a><\/p>\n<p>\u0435-mail: o.shkurgan@wp.pl<\/p>\n<p>&nbsp;<\/p>\n<p><a href=\"https:\/\/doi.org\/10.15407\/akademperiodyka.494.299\">https:\/\/doi.org\/10.15407\/akademperiodyka.494.299<\/a><\/p>\n<p>&nbsp;<\/p>\n<p>REFERENCES<\/p>\n<ol>\n<li>Kieniewicz, S. (1992). Rzewuski Wac\u0142aw Seweryn. <em>Polski S\u0142ownik Biograficzny<\/em><em>.<\/em> Markiewicz,H. (Ed.). Wroc\u0142aw; Warszawa; Krak\u00f3w, 1992, V. 34, pp. 180\u2014183.<\/li>\n<li>Matviishyn, Ya., Yakubova, T. <em>Zhyttievyi shliakh ta riznobichna diialnist Vatslava Severyna <\/em><em>Rzewuskoho (1785\u20141831).<\/em> Available at: <a href=\"https:\/\/www.academia.edu\/36544452\/\">https:\/\/www.academia.edu\/36544452\/<\/a> (Accessed 09 November 2021) [in Ukranian].<\/li>\n<li><em>Kozatski pisni. <\/em><em>Issue <\/em><em>2<\/em>, red., st. y prym. D.M. Revutskoho. [Kyiv, Kharkiv, Odesa]: Knyhospilka, 1927, 15 + IV + [4] pp.: il. Pp. 14\u201415, III\u2014IV. [in Ukranian].<\/li>\n<li>Kuzyk, V. (2008). Revuts\u2019ki \u2014 Rzhevus\u2019ki: biohrafichni paraleli ta transformatsii. <em>Ukraino-pol\u2019s\u2019ki kul\u2019turni vzaiemyny<\/em>. Kyiv, 2008, issue 2, pp. 105\u2014114. [in Ukranian].<\/li>\n<li>Knot, A. Czacki Tadeusz. <em>Polski S\u0142ownik Biograficzny<\/em><em>. <\/em>Konopczy\u0144ski W. (ed.). Krak\u00f3w, 1938, T. 4, s. 144\u2014146.<\/li>\n<li>Danowska, E. Tadeusz Czacki: 1765\u20141813: na , pograniczu epok i ziem.<em> Rozprawy Wydzia\u0142u Historyczno-Filozoficznego<\/em>. Krak\u00f3w, 2006, \u2116\u00a0106, 379 s.<\/li>\n<li>Danyliak, P. Tadeush Chats\u2019kyj ta joho rol\u2019 u rozvytku osvity na Pravoberezhnij Ukraini. <em>Ukrains\u2019kyj istorychnyj zhurnal<\/em>. 2009, \u2116 2 (485), pp. 51\u201466. [in Ukranian].<\/li>\n<li>Rolle, M. (1898) <em>Ateny Wo\u0142y\u0144skie: szkic z dziej\u00f3w o\u015bwiaty w Polsce.<\/em> Lw\u00f3w, [6], 397 s.<\/li>\n<li>Danowska, E. Tadeusz Czacki: 1765\u20141813: na pograniczu epok i ziem.<em> Rozprawy Wydzia\u0142u Historyczno-Filozoficznego<\/em>. Krak\u00f3w, 2006, \u2116\u00a0106, s. 280\u2014325.<\/li>\n<li>Szmyt, A. (2009) <em>Gimnazjum i Liceum Wo\u0142y\u0144skie w Krzemie\u0144cu w systemie o\u015bwiaty Wile\u0144skiego Okr\u0119gu Naukowego w latach <\/em>1805\u20141833. Olsztyn, s. 165.<\/li>\n<li>Danowska E. \u017bycie codzienne w Gimnazjum Wo\u0142y\u0144skim w Krzemie\u0144cu (1805\u20141831). <em>Annales Academiae Paedagogicae Cracoviensis<\/em>. 2003, Folia 17, Studia Historica Nr 2, s.145\u2014156.<\/li>\n<li>Osi\u0144ski A. (1816) <em>O \u017cyciu i pismach Tadeusza Czackiego<\/em> [\u2026] rzecz czytana na zebraniu Gimnazyium Wo\u0142y\u0144skiego i licznych obywatel\u00f3w, w imieniu rzeczonego Gimnazyium i Towarzystwa Kr\u00f3lewskiego Warszawskiego Przyiaci\u00f3\u0142 Nauk 30 lipca 1813 roku. Krzemieniec, [8], 414 s.<\/li>\n<li>13. Danowska E. Po upadku Liceum Krzemienieckiego (1805\u20141831). Polemiki i wspomnienia, <em>Annales Academiae Paedagogicae Cracoviensis. <\/em> Fol. 57, Studia Historica, Nr 7.<\/li>\n<li>1 Andrzejowski A. (1861) <em>Ramoty Starego Detiuka o Wo\u0142yniu<\/em>. T. 3. Wilno, 1861, 338 s.<\/li>\n<li>Ivchenko L., Shkurgan O. (2023) R\u0119kopis \u201cRequiem\u201d hr. Wac\u0142awa Rzewuskiego: historia ocala\u0142ego utworu i jego pierwsi wykonawcy. <em>D\u0142ugi wiek XIX w muzyce. Pytania \u2014<\/em> <em>problemy \u2014 interpretacje<\/em>, t. 2, red.\u00a0Grzegorz Zieziula. Warszawa, Narodowy Instytut Fryderyka Chopina, Instytut Sztuki PAN, pp.<\/li>\n<li>Sikorski J. Wac\u0142aw hrabia Rzewuski jako kompozytor. <em>Ruch Muzyczny<\/em>, 1859, Nr 29, dnia 8 (20) lipca, ss. 249\u2014252.<\/li>\n<li>Bykowski P.J. (1879) <em>Trzy epizody z dawnego \u017cycia szlacheckiego, epizod III<\/em>: Mirza Tad\u017c-El-Faher. Warszawa, 1879, s. 206.<\/li>\n<li>[Rolle, Antoni J\u00f3zef] Dr. Antoni J. [pseud.]. (1884) <em>Opowiadania<\/em>. Ser. 4, T. 1. Warszawa, Gebethner i Wolff, 1884 (Krak\u00f3w: W\u0142. L. Anczyc i Sp.), s. 192.<\/li>\n<li><em>S\u0142ownik muzyk\u00f3w polskich<\/em> red. J\u00f3zef Chomi\u0144ski, T. II. Krak\u00f3w, 1967, s. 171.<\/li>\n<li>Ivchenko L.V. (2004) <em>Rekonstruktsiia notnoi kolektsii hrafa O.K. Rozumovs\u2019koho za katalohamy <\/em><em>X<\/em><em>VIII storichchia<\/em>. Kyiv, 644 p. [in Ukranian].<\/li>\n<li>Demenko L.M. (2021) <em>\u00abSupplementum\u00bb: Dodatkovi viddily bibliotek pol\u2019s\u2019koho korolia Stanislava Avhusta Poniatovs\u2019koho \u00abCollectio Regia\u00bb ta Volyns\u2019koho litseiu v Krementsi<\/em>: kataloh. Kyiv, 380 p. [in Ukranian].<\/li>\n<li>Kolesnik E.A. (1988) <em>Knizhnye kollekcii Centralnoj nauchnoj biblioteki Akademii nauk USSR<\/em>. Kyiv, pp. 5\u201435. [in Russian].<\/li>\n<li>Holland J. D, (1806) <em>Traktat<\/em> <em>akademicki<\/em> <em>o<\/em> <em>prawdziwej<\/em> <em>sztuce<\/em> <em>muzyki<\/em> <em>oraz<\/em> <em>dodatek<\/em> <em>o<\/em> <em>u<\/em><em>\u017c<\/em><em>ywaniu<\/em> <em>harmonii<\/em>, Wroc\u0142aw, wyd. u Grassa. 83 s.<\/li>\n<li>Miaskova T.Ye. (2005) <em>Biblioteka Imperators\u2019koho universytetu Sv. Volodymyra: z istorii komplektuvannia (1834\u20141927 rr.)<\/em>. Kyiv, 184 p. [in Ukranian].<\/li>\n<li>StarodubcevaA.N. Vodyanye znaki kak vazhnyj faktor datirovki dokumenta. <em>Vestnik Yuzhno-Uralskogo gosudarstvennogo gumanitarno-pedagogicheskogo universiteta<\/em>. 2014, \u2116 4, pp. 279\u2014280.<\/li>\n<li>KlepikovS.A. <em>Filigrani i shtempeli na bumage russkogo i inostrannogo proizvodstva XVII \u2014 nachala XX v.<\/em> Moscow, 1959, \u2116 169 (1812 year).<\/li>\n<li>Klepikov S.A. <em>Filigrani na bumage russkogo proizvodstva XVIII \u2014 nachala XX v.<\/em> Moscow, 1978, \u2116 192 (1811, 1813 year).<\/li>\n<\/ol>\n<p>28. Uchastkina Z.V. History of Russian paper mills and their Watermarks. Holland: The Paper Publications Society, 1962. \u2116 748 (1813 year).<\/p>\n","protected":false},"excerpt":{"rendered":"<p>Larysa Ivchenko Candidate of Art History, Head of Music Books and Collections Department Institute of Book Studies, of V.I.\u00a0Vernadskyi National Library of Ukraine (Kyiv, Ukraine) Member of the National Union of Composers and Musicologists of Ukraine https:\/\/orcid.org\/0000-0003-2562-3979 e-mail: ivchenko@nbuv.gov.ua &nbsp; Shkurgan Oksana PhD in Arts studies, Association of Polish Musicians (Stowarzyszenie Polskich Artyst\u00f3w Muzyk\u00f3w) Warsaw [&hellip;]<\/p>\n","protected":false},"author":1,"featured_media":0,"parent":0,"menu_order":0,"comment_status":"closed","ping_status":"closed","template":"","meta":{"footnotes":""},"class_list":["post-4001","page","type-page","status-publish","hentry"],"_links":{"self":[{"href":"https:\/\/akademperiodyka.org.ua\/en\/wp-json\/wp\/v2\/pages\/4001","targetHints":{"allow":["GET"]}}],"collection":[{"href":"https:\/\/akademperiodyka.org.ua\/en\/wp-json\/wp\/v2\/pages"}],"about":[{"href":"https:\/\/akademperiodyka.org.ua\/en\/wp-json\/wp\/v2\/types\/page"}],"author":[{"embeddable":true,"href":"https:\/\/akademperiodyka.org.ua\/en\/wp-json\/wp\/v2\/users\/1"}],"replies":[{"embeddable":true,"href":"https:\/\/akademperiodyka.org.ua\/en\/wp-json\/wp\/v2\/comments?post=4001"}],"version-history":[{"count":2,"href":"https:\/\/akademperiodyka.org.ua\/en\/wp-json\/wp\/v2\/pages\/4001\/revisions"}],"predecessor-version":[{"id":4005,"href":"https:\/\/akademperiodyka.org.ua\/en\/wp-json\/wp\/v2\/pages\/4001\/revisions\/4005"}],"wp:attachment":[{"href":"https:\/\/akademperiodyka.org.ua\/en\/wp-json\/wp\/v2\/media?parent=4001"}],"curies":[{"name":"wp","href":"https:\/\/api.w.org\/{rel}","templated":true}]}}